{"id":148,"date":"2021-12-02T11:35:08","date_gmt":"2021-12-02T11:35:08","guid":{"rendered":"https:\/\/drcatalinmanole.ro\/index.php\/contacts\/"},"modified":"2024-04-29T21:08:35","modified_gmt":"2024-04-29T18:08:35","slug":"contact","status":"publish","type":"page","link":"https:\/\/drcatalinmanole.ro\/en\/contact\/","title":{"rendered":"Contact"},"content":{"rendered":"<div class=\"wpb-content-wrapper\"><div  class=\"tt-shortcode_vc_row 8 section mt-0 googlemap__contact\" ><div class=\"wpb_gmaps_widget wpb_content_element contact-map\"><div class=\"wpb_wrapper\"><div class=\"wpb_map_wraper\"><iframe src=\"https:\/\/www.google.com\/maps\/embed?pb=!1m14!1m12!1m3!1d7346.512920264952!2d26.094119616136975!3d44.46943340152708!2m3!1f0!2f0!3f0!3m2!1i1024!2i768!4f13.1!5e0!3m2!1sen!2sro!4v1686859360405!5m2!1sen!2sro\" width=\"600\" height=\"450\" style=\"border:0;\" allowfullscreen=\"\" loading=\"lazy\" referrerpolicy=\"no-referrer-when-downgrade\"><\/iframe><\/div><\/div><\/div><\/div><div  class=\"tt-shortcode_vc_row 8 section mt-0 bg-grey\" ><div class=\"tt-shortcode_vc_clmn container\"><div class=\"row\" ><div class=\"shortcode_vc_clmn_inner col-md\"><div class=\"title-wrap\"><h5 style=\"text-align: left\" class=\"vc_custom_heading pt-0\" >Contact<\/h5><div class=\"h-decor\"><\/div>\n<\/div><ul class=\"icn-list-lg\">\n<li><i class=\"fa fa-whatsapp\"><\/i> <a href=\"https:\/\/wa.me\/40759431774\">whatsapp<\/a><\/li>\n<li><i class=\"fa fa-envelope\"><\/i> <a href=\"mailto:contact@drcatalinmanole.ro\">contact@drcatalinmanole.ro<\/a><\/li>\n<\/ul>\n<\/div><div class=\"wpb_column vc_column_container vc_col-sm-2 vc_hidden-sm vc_hidden-xs\"><div class=\"shortcode_vc_clmn_inner vc_column-inner\"><div class=\"wpb_wrapper\"><div class=\"title-wrap\"><h5 style=\"text-align: left\" class=\"vc_custom_heading pt-0\" >Social media<\/h5><div class=\"h-decor\"><\/div>\n<\/div><div class=\"vc_icon_element vc_icon_element-outer vc_icon_element-align-left vc_icon_element-have-style\"><div class=\"vc_icon_element-inner vc_icon_element-color-custom vc_icon_element-have-style-inner vc_icon_element-size-md vc_icon_element-style-rounded vc_icon_element-background vc_icon_element-background-color-custom\"  style=\"background-color:#e8eced\"><span class=\"vc_icon_element-icon fab fa-linkedin\" style=\"color:#74a5c0 !important\"><\/span><a class=\"vc_icon_element-link\" href=\"https:\/\/www.linkedin.com\/in\/catalin-g-manole-8479a926\/\"  title=\"linkedin\" target=\"_self\"><\/a><\/div><\/div><\/div><\/div><\/div><div class=\"wpb_column vc_column_container vc_col-sm-2 vc_hidden-sm vc_hidden-xs\"><div class=\"shortcode_vc_clmn_inner vc_column-inner\"><div class=\"wpb_wrapper\"><div class=\"vc_empty_space\"   style=\"height: 92px\"><span class=\"vc_empty_space_inner\"><\/span><\/div><div class=\"vc_icon_element vc_icon_element-outer vc_icon_element-align-left vc_icon_element-have-style\"><div class=\"vc_icon_element-inner vc_icon_element-color-custom vc_icon_element-have-style-inner vc_icon_element-size-md vc_icon_element-style-rounded vc_icon_element-background vc_icon_element-background-color-custom\"  style=\"background-color:#e8eced\"><span class=\"vc_icon_element-icon fab fa-facebook-square\" style=\"color:#74a5c0 !important\"><\/span><a class=\"vc_icon_element-link\" href=\"https:\/\/www.facebook.com\/dr.manole\/\"  title=\"facebook\" target=\"_self\"><\/a><\/div><\/div><\/div><\/div><\/div><div class=\"wpb_column vc_column_container vc_col-sm-2 vc_hidden-sm vc_hidden-xs\"><div class=\"shortcode_vc_clmn_inner vc_column-inner\"><div class=\"wpb_wrapper\"><div class=\"vc_empty_space\"   style=\"height: 92px\"><span class=\"vc_empty_space_inner\"><\/span><\/div><div class=\"vc_icon_element vc_icon_element-outer vc_icon_element-align-left vc_icon_element-have-style\"><div class=\"vc_icon_element-inner vc_icon_element-color-custom vc_icon_element-have-style-inner vc_icon_element-size-md vc_icon_element-style-rounded vc_icon_element-background vc_icon_element-background-color-custom\"  style=\"background-color:#e8eced\"><span class=\"vc_icon_element-icon fab fa-instagram\" style=\"color:#74a5c0 !important\"><\/span><a class=\"vc_icon_element-link\" href=\"https:\/\/www.instagram.com\/dr_catalin_manole\/\"  title=\"instagram\" target=\"_self\"><\/a><\/div><\/div><\/div><\/div><\/div><\/div><\/div><\/div><div  class=\"tt-shortcode_vc_row 8 section\" ><div class=\"tt-shortcode_vc_clmn container\"><div class=\"row\" ><div class=\"shortcode_vc_clmn_inner col-md col-lg-5\"><div class=\"rs_inner_block pr-0 pr-lg-8\"><div class=\"title-wrap\"><h2 style=\"text-align: left\" class=\"vc_custom_heading\" >Contact Form<\/h2><div class=\"h-decor\"><\/div>\n<\/div><div class=\"shortcode_vc_text   mt-3 tt_pt_3\" ><p class=\"tt_mb_20\">You can make an appointment immediately using the contact form or by pressing the phone number on the page.<\/p>\n<p class=\"p-sm\"><b>Fields marked with * are mandatory.<\/b><\/p>\n<\/div><div class=\"shortcode_vc_text   mt-6\" ><\/div><\/div><\/div><div class=\"shortcode_vc_clmn_inner col-md col-lg-6 mt-4 mt-md-0\">\n<div class=\"wpcf7 no-js\" id=\"wpcf7-f2745-o1\" lang=\"ro-RO\" dir=\"ltr\">\n<div class=\"screen-reader-response\"><p role=\"status\" aria-live=\"polite\" aria-atomic=\"true\"><\/p> <ul><\/ul><\/div>\n<form action=\"\/en\/wp-json\/wp\/v2\/pages\/148#wpcf7-f2745-o1\" method=\"post\" class=\"wpcf7-form init\" aria-label=\"Formular de contact\" novalidate=\"novalidate\" data-status=\"init\" data-trp-original-action=\"\/en\/wp-json\/wp\/v2\/pages\/148#wpcf7-f2745-o1\">\n<div style=\"display: none;\">\n<input type=\"hidden\" name=\"_wpcf7\" value=\"2745\" \/>\n<input type=\"hidden\" name=\"_wpcf7_version\" value=\"5.9.3\" \/>\n<input type=\"hidden\" name=\"_wpcf7_locale\" value=\"ro_RO\" \/>\n<input type=\"hidden\" name=\"_wpcf7_unit_tag\" value=\"wpcf7-f2745-o1\" \/>\n<input type=\"hidden\" name=\"_wpcf7_container_post\" value=\"0\" \/>\n<input type=\"hidden\" name=\"_wpcf7_posted_data_hash\" value=\"\" \/>\n<\/div>\n<div class=\"contact-form contact7__custom-form\" id=\"contactForm\">\n\t<div class=\"pr-0\">\n\t\t<div>\n\t\t\t<p><span class=\"wpcf7-form-control-wrap\" data-name=\"text-674\"><input size=\"40\" class=\"wpcf7-form-control wpcf7-text wpcf7-validates-as-required form-control\" aria-required=\"true\" aria-invalid=\"false\" placeholder=\"Name*\" value=\"\" type=\"text\" name=\"text-674\" \/><\/span>\n\t\t\t<\/p>\n\t\t<\/div>\n\t\t<div class=\"mt-15\">\n\t\t\t<p><span class=\"wpcf7-form-control-wrap\" data-name=\"your-email\"><input size=\"40\" class=\"wpcf7-form-control wpcf7-email wpcf7-validates-as-required wpcf7-text wpcf7-validates-as-email form-control\" aria-required=\"true\" aria-invalid=\"false\" placeholder=\"Mail*\" value=\"\" type=\"email\" name=\"your-email\" \/><\/span>\n\t\t\t<\/p>\n\t\t<\/div>\n\t\t<div class=\"mt-15\">\n\t\t\t<p><span class=\"wpcf7-form-control-wrap\" data-name=\"tel-968\"><input size=\"40\" class=\"wpcf7-form-control wpcf7-tel wpcf7-validates-as-required wpcf7-text wpcf7-validates-as-tel form-control\" aria-required=\"true\" aria-invalid=\"false\" placeholder=\"Phone*\" value=\"\" type=\"tel\" name=\"tel-968\" \/><\/span>\n\t\t\t<\/p>\n\t\t<\/div>\n\t<\/div>\n\t<div class=\"mt-15\">\n\t\t<p><span class=\"wpcf7-form-control-wrap\" data-name=\"textarea-257\"><textarea cols=\"40\" rows=\"10\" class=\"wpcf7-form-control wpcf7-textarea wpcf7-validates-as-required form-control\" aria-required=\"true\" aria-invalid=\"false\" name=\"textarea-257\">Mesaj*<\/textarea><\/span>\n\t\t<\/p>\n\t<\/div>\n\t<div class=\"mt-15\">\n\t\t<p><span class=\"wpcf7-form-control-wrap\" data-name=\"acceptance-725\"><span class=\"wpcf7-form-control wpcf7-acceptance\"><span class=\"wpcf7-list-item\"><label><input type=\"checkbox\" name=\"acceptance-725\" value=\"1\" aria-invalid=\"false\" \/><span class=\"wpcf7-list-item-label\">I agree with <a href=\"https:\/\/drcatalinmanole.ro\/en\/politica-de-confidentialitate\/\">Terms and conditions<\/a><\/span><\/label><\/span><\/span><\/span>\n\t\t<\/p>\n\t<\/div>\n\t<div class=\"mt-4\">\n\t\t<p><input class=\"wpcf7-form-control wpcf7-submit has-spinner btn btn-fill\" type=\"submit\" value=\"Send\" \/>\n\t\t<\/p>\n\t<\/div>\n<\/div><div class=\"wpcf7-response-output\" aria-hidden=\"true\"><\/div>\n<input type=\"hidden\" name=\"trp-form-language\" value=\"en\"\/><\/form>\n<\/div>\n<div class=\"vc_empty_space\"   style=\"height: 120px\"><span class=\"vc_empty_space_inner\"><\/span><\/div><\/div><\/div><div class=\"vc_empty_space\"   style=\"height: 120px\"><span class=\"vc_empty_space_inner\"><\/span><\/div><\/div><\/div>\n<\/div>","protected":false},"excerpt":{"rendered":"Contact whatsapp contact@drcatalinmanole.ro Social media Contact Rapid V\u0103 pute\u021bi programa imediat folosind formularul de contact sau ap\u0103s\u00e2nd num\u0103rul de telefon din pagin\u0103. Campurile marcate cu * sunt obligatorii. Mesaj* Am luat la cunostinta si sunt de acord cu Termenii si conditiile","protected":false},"author":1,"featured_media":0,"parent":0,"menu_order":11,"comment_status":"closed","ping_status":"closed","template":"custompagett.php","meta":{"footnotes":""},"class_list":["post-148","page","type-page","status-publish","hentry"],"_links":{"self":[{"href":"https:\/\/drcatalinmanole.ro\/en\/wp-json\/wp\/v2\/pages\/148","targetHints":{"allow":["GET"]}}],"collection":[{"href":"https:\/\/drcatalinmanole.ro\/en\/wp-json\/wp\/v2\/pages"}],"about":[{"href":"https:\/\/drcatalinmanole.ro\/en\/wp-json\/wp\/v2\/types\/page"}],"author":[{"embeddable":true,"href":"https:\/\/drcatalinmanole.ro\/en\/wp-json\/wp\/v2\/users\/1"}],"replies":[{"embeddable":true,"href":"https:\/\/drcatalinmanole.ro\/en\/wp-json\/wp\/v2\/comments?post=148"}],"version-history":[{"count":63,"href":"https:\/\/drcatalinmanole.ro\/en\/wp-json\/wp\/v2\/pages\/148\/revisions"}],"predecessor-version":[{"id":2841,"href":"https:\/\/drcatalinmanole.ro\/en\/wp-json\/wp\/v2\/pages\/148\/revisions\/2841"}],"wp:attachment":[{"href":"https:\/\/drcatalinmanole.ro\/en\/wp-json\/wp\/v2\/media?parent=148"}],"curies":[{"name":"wp","href":"https:\/\/api.w.org\/{rel}","templated":true}]}}